{"id":5254,"date":"2023-09-04T09:41:36","date_gmt":"2023-09-04T09:41:36","guid":{"rendered":"https:\/\/linxgen.com\/fr\/?page_id=5254"},"modified":"2023-09-21T08:43:55","modified_gmt":"2023-09-21T08:43:55","slug":"services-de-conception-de-developpement-et-daffaires-reglementaires-de-nouveaux-appareils","status":"publish","type":"page","link":"https:\/\/linxgen.com\/fr\/services-de-conception-de-developpement-et-daffaires-reglementaires-de-nouveaux-appareils\/","title":{"rendered":"SERVICES DE CONCEPTION, DE D\u00c9VELOPPEMENT ET D&#8217;AFFAIRES R\u00c9GLEMENTAIRES DE NOUVEAUX APPAREILS"},"content":{"rendered":"\t\t<div data-elementor-type=\"wp-post\" data-elementor-id=\"5254\" class=\"elementor elementor-5254\">\n\t\t\t\t\t\t\t\t\t<section class=\"elementor-section elementor-top-section elementor-element elementor-element-2b7735b6 elementor-section-boxed elementor-section-height-default elementor-section-height-default\" data-id=\"2b7735b6\" data-element_type=\"section\" data-settings=\"{&quot;_ha_eqh_enable&quot;:false,&quot;ekit_has_onepagescroll_dot&quot;:&quot;yes&quot;}\">\n\t\t\t\t\t\t<div class=\"elementor-container elementor-column-gap-default\">\n\t\t\t\t\t<div class=\"elementor-column elementor-col-50 elementor-top-column elementor-element elementor-element-1cd7903\" data-id=\"1cd7903\" data-element_type=\"column\">\n\t\t\t<div class=\"elementor-widget-wrap elementor-element-populated\">\n\t\t\t\t\t\t\t\t<div class=\"elementor-element elementor-element-6c25e888 elementor-widget elementor-widget-heading\" data-id=\"6c25e888\" data-element_type=\"widget\" data-settings=\"{&quot;ekit_we_effect_on&quot;:&quot;none&quot;}\" data-widget_type=\"heading.default\">\n\t\t\t\t<div class=\"elementor-widget-container\">\n\t\t\t<h2 class=\"elementor-heading-title elementor-size-default\">SERVICES DE CONCEPTION, DE D\u00c9VELOPPEMENT ET D'AFFAIRES R\u00c9GLEMENTAIRES DE NOUVEAUX APPAREILS<\/h2>\t\t<\/div>\n\t\t\t\t<\/div>\n\t\t\t\t<div class=\"elementor-element elementor-element-eea09db elementor-widget-divider--view-line elementor-widget elementor-widget-divider\" data-id=\"eea09db\" data-element_type=\"widget\" data-settings=\"{&quot;ekit_we_effect_on&quot;:&quot;none&quot;}\" data-widget_type=\"divider.default\">\n\t\t\t\t<div class=\"elementor-widget-container\">\n\t\t\t\t\t<div class=\"elementor-divider\">\n\t\t\t<span class=\"elementor-divider-separator\">\n\t\t\t\t\t\t<\/span>\n\t\t<\/div>\n\t\t\t\t<\/div>\n\t\t\t\t<\/div>\n\t\t\t\t<div class=\"elementor-element elementor-element-7afad886 elementor-widget elementor-widget-text-editor\" data-id=\"7afad886\" data-element_type=\"widget\" data-settings=\"{&quot;ekit_we_effect_on&quot;:&quot;none&quot;}\" data-widget_type=\"text-editor.default\">\n\t\t\t\t<div class=\"elementor-widget-container\">\n\t\t\t\t\t\t\t<p>Nous avons un historique r\u00e9ussi en mati\u00e8re de soumissions r\u00e9glementaires pour les dispositifs m\u00e9dicaux, les diagnostics in vitro, les logiciels en tant que dispositifs m\u00e9dicaux (Samd), les syst\u00e8mes d&#8217;administration de m\u00e9dicaments et les produits combin\u00e9s pilot\u00e9s par des dispositifs. Nous travaillons avec la FDA, les principaux organismes notifi\u00e9s et les autorit\u00e9s comp\u00e9tentes\/agences de r\u00e9glementation internationales du monde entier pour d\u00e9terminer la voie r\u00e9glementaire optimale pour votre produit, en minimisant les obstacles potentiels. Notre approche est pragmatique et efficace, vous permettant d&#8217;atteindre vos objectifs commerciaux rapidement, tout en r\u00e9pondant en toute confiance \u00e0 toutes les exigences r\u00e9glementaires n\u00e9cessaires.<\/p>\t\t\t\t\t\t<\/div>\n\t\t\t\t<\/div>\n\t\t\t\t\t<\/div>\n\t\t<\/div>\n\t\t\t\t<div class=\"elementor-column elementor-col-50 elementor-top-column elementor-element elementor-element-33a6df4d\" data-id=\"33a6df4d\" data-element_type=\"column\">\n\t\t\t<div class=\"elementor-widget-wrap elementor-element-populated\">\n\t\t\t\t\t\t\t\t<div class=\"elementor-element elementor-element-6ac80ccd elementor-widget elementor-widget-image\" data-id=\"6ac80ccd\" data-element_type=\"widget\" data-settings=\"{&quot;ekit_we_effect_on&quot;:&quot;none&quot;}\" data-widget_type=\"image.default\">\n\t\t\t\t<div class=\"elementor-widget-container\">\n\t\t\t\t\t\t\t\t\t\t\t\t\t\t\t<img decoding=\"async\" width=\"500\" height=\"500\" src=\"https:\/\/linxgen.com\/fr\/wp-content\/uploads\/2023\/09\/1.png\" class=\"attachment-full size-full wp-image-5557\" alt=\"\" srcset=\"https:\/\/linxgen.com\/fr\/wp-content\/uploads\/2023\/09\/1.png 500w, https:\/\/linxgen.com\/fr\/wp-content\/uploads\/2023\/09\/1-300x300.png 300w, https:\/\/linxgen.com\/fr\/wp-content\/uploads\/2023\/09\/1-150x150.png 150w\" sizes=\"(max-width: 500px) 100vw, 500px\" \/>\t\t\t\t\t\t\t\t\t\t\t\t\t\t\t<\/div>\n\t\t\t\t<\/div>\n\t\t\t\t\t<\/div>\n\t\t<\/div>\n\t\t\t\t\t\t\t<\/div>\n\t\t<\/section>\n\t\t\t\t\t\t\t<\/div>\n\t\t","protected":false},"excerpt":{"rendered":"<p>SERVICES DE CONCEPTION, DE D\u00c9VELOPPEMENT ET D&#8217;AFFAIRES R\u00c9GLEMENTAIRES DE NOUVEAUX APPAREILS Nous avons un historique r\u00e9ussi en mati\u00e8re de soumissions r\u00e9glementaires pour les dispositifs m\u00e9dicaux, les diagnostics in vitro, les logiciels en tant que dispositifs m\u00e9dicaux (Samd), les syst\u00e8mes d&#8217;administration de m\u00e9dicaments et les produits combin\u00e9s pilot\u00e9s par des dispositifs. Nous travaillons avec la FDA, [&hellip;]<\/p>\n","protected":false},"author":1,"featured_media":0,"parent":0,"menu_order":0,"comment_status":"closed","ping_status":"closed","template":"template\/template-page.php","meta":{"footnotes":""},"_links":{"self":[{"href":"https:\/\/linxgen.com\/fr\/wp-json\/wp\/v2\/pages\/5254"}],"collection":[{"href":"https:\/\/linxgen.com\/fr\/wp-json\/wp\/v2\/pages"}],"about":[{"href":"https:\/\/linxgen.com\/fr\/wp-json\/wp\/v2\/types\/page"}],"author":[{"embeddable":true,"href":"https:\/\/linxgen.com\/fr\/wp-json\/wp\/v2\/users\/1"}],"replies":[{"embeddable":true,"href":"https:\/\/linxgen.com\/fr\/wp-json\/wp\/v2\/comments?post=5254"}],"version-history":[{"count":31,"href":"https:\/\/linxgen.com\/fr\/wp-json\/wp\/v2\/pages\/5254\/revisions"}],"predecessor-version":[{"id":5869,"href":"https:\/\/linxgen.com\/fr\/wp-json\/wp\/v2\/pages\/5254\/revisions\/5869"}],"wp:attachment":[{"href":"https:\/\/linxgen.com\/fr\/wp-json\/wp\/v2\/media?parent=5254"}],"curies":[{"name":"wp","href":"https:\/\/api.w.org\/{rel}","templated":true}]}}