{"id":5282,"date":"2023-09-04T09:55:49","date_gmt":"2023-09-04T09:55:49","guid":{"rendered":"https:\/\/linxgen.com\/fr\/?page_id=5282"},"modified":"2023-09-21T08:44:21","modified_gmt":"2023-09-21T08:44:21","slug":"services-dassurance-qualite","status":"publish","type":"page","link":"https:\/\/linxgen.com\/fr\/services-dassurance-qualite\/","title":{"rendered":"SERVICES D&#8217;ASSURANCE QUALIT\u00c9"},"content":{"rendered":"\t\t<div data-elementor-type=\"wp-post\" data-elementor-id=\"5282\" class=\"elementor elementor-5282\">\n\t\t\t\t\t\t\t\t\t<section class=\"elementor-section elementor-top-section elementor-element elementor-element-2b7735b6 elementor-section-boxed elementor-section-height-default elementor-section-height-default\" data-id=\"2b7735b6\" data-element_type=\"section\" data-settings=\"{&quot;_ha_eqh_enable&quot;:false,&quot;ekit_has_onepagescroll_dot&quot;:&quot;yes&quot;}\">\n\t\t\t\t\t\t<div class=\"elementor-container elementor-column-gap-default\">\n\t\t\t\t\t<div class=\"elementor-column elementor-col-50 elementor-top-column elementor-element elementor-element-1cd7903\" data-id=\"1cd7903\" data-element_type=\"column\">\n\t\t\t<div class=\"elementor-widget-wrap elementor-element-populated\">\n\t\t\t\t\t\t\t\t<div class=\"elementor-element elementor-element-6c25e888 elementor-widget elementor-widget-heading\" data-id=\"6c25e888\" data-element_type=\"widget\" data-settings=\"{&quot;ekit_we_effect_on&quot;:&quot;none&quot;}\" data-widget_type=\"heading.default\">\n\t\t\t\t<div class=\"elementor-widget-container\">\n\t\t\t<h2 class=\"elementor-heading-title elementor-size-default\">SERVICES D'ASSURANCE QUALIT\u00c9<\/h2>\t\t<\/div>\n\t\t\t\t<\/div>\n\t\t\t\t<div class=\"elementor-element elementor-element-eea09db elementor-widget-divider--view-line elementor-widget elementor-widget-divider\" data-id=\"eea09db\" data-element_type=\"widget\" data-settings=\"{&quot;ekit_we_effect_on&quot;:&quot;none&quot;}\" data-widget_type=\"divider.default\">\n\t\t\t\t<div class=\"elementor-widget-container\">\n\t\t\t\t\t<div class=\"elementor-divider\">\n\t\t\t<span class=\"elementor-divider-separator\">\n\t\t\t\t\t\t<\/span>\n\t\t<\/div>\n\t\t\t\t<\/div>\n\t\t\t\t<\/div>\n\t\t\t\t<div class=\"elementor-element elementor-element-7afad886 elementor-widget elementor-widget-text-editor\" data-id=\"7afad886\" data-element_type=\"widget\" data-settings=\"{&quot;ekit_we_effect_on&quot;:&quot;none&quot;}\" data-widget_type=\"text-editor.default\">\n\t\t\t\t<div class=\"elementor-widget-container\">\n\t\t\t\t\t\t\t<p>Le contr\u00f4le qualit\u00e9 est essentiel lorsqu\u2019il s\u2019agit de dispositifs m\u00e9dicaux. Les agences de contr\u00f4le ont besoin de m\u00e9thodes et d&#8217;enregistrements clairs et tra\u00e7ables pour confirmer que ces appareils sont s\u00fbrs, efficaces et de qualit\u00e9 sup\u00e9rieure. Avec trois d\u00e9cennies \u00e0 notre actif, nous ma\u00eetrisons la cr\u00e9ation de syst\u00e8mes de gestion de la qualit\u00e9 adapt\u00e9s au caract\u00e8re unique et aux risques de votre appareil, aux besoins de votre organisation et aux exigences sp\u00e9cifiques de performances et d&#8217;utilisateurs. Notre objectif principal est de maintenir le respect constant des r\u00e8gles de qualit\u00e9 tout en veillant \u00e0 ce que vos produits soient conformes aux directives r\u00e9glementaires. En partenariat avec vous, nous d\u00e9veloppons un syst\u00e8me de gestion de la qualit\u00e9 sur mesure, rationalis\u00e9, percutant et adaptable, pr\u00eat \u00e0 \u00e9voluer avec vos futures aspirations commerciales.<\/p>\t\t\t\t\t\t<\/div>\n\t\t\t\t<\/div>\n\t\t\t\t\t<\/div>\n\t\t<\/div>\n\t\t\t\t<div class=\"elementor-column elementor-col-50 elementor-top-column elementor-element elementor-element-33a6df4d\" data-id=\"33a6df4d\" data-element_type=\"column\">\n\t\t\t<div class=\"elementor-widget-wrap elementor-element-populated\">\n\t\t\t\t\t\t\t\t<div class=\"elementor-element elementor-element-6ac80ccd elementor-widget elementor-widget-image\" data-id=\"6ac80ccd\" data-element_type=\"widget\" data-settings=\"{&quot;ekit_we_effect_on&quot;:&quot;none&quot;}\" data-widget_type=\"image.default\">\n\t\t\t\t<div class=\"elementor-widget-container\">\n\t\t\t\t\t\t\t\t\t\t\t\t\t\t\t<img decoding=\"async\" width=\"500\" height=\"500\" src=\"https:\/\/linxgen.com\/fr\/wp-content\/uploads\/2023\/09\/5.png\" class=\"attachment-full size-full wp-image-5558\" alt=\"\" srcset=\"https:\/\/linxgen.com\/fr\/wp-content\/uploads\/2023\/09\/5.png 500w, https:\/\/linxgen.com\/fr\/wp-content\/uploads\/2023\/09\/5-300x300.png 300w, https:\/\/linxgen.com\/fr\/wp-content\/uploads\/2023\/09\/5-150x150.png 150w\" sizes=\"(max-width: 500px) 100vw, 500px\" \/>\t\t\t\t\t\t\t\t\t\t\t\t\t\t\t<\/div>\n\t\t\t\t<\/div>\n\t\t\t\t\t<\/div>\n\t\t<\/div>\n\t\t\t\t\t\t\t<\/div>\n\t\t<\/section>\n\t\t\t\t\t\t\t<\/div>\n\t\t","protected":false},"excerpt":{"rendered":"<p>SERVICES D&#8217;ASSURANCE QUALIT\u00c9 Le contr\u00f4le qualit\u00e9 est essentiel lorsqu\u2019il s\u2019agit de dispositifs m\u00e9dicaux. Les agences de contr\u00f4le ont besoin de m\u00e9thodes et d&#8217;enregistrements clairs et tra\u00e7ables pour confirmer que ces appareils sont s\u00fbrs, efficaces et de qualit\u00e9 sup\u00e9rieure. Avec trois d\u00e9cennies \u00e0 notre actif, nous ma\u00eetrisons la cr\u00e9ation de syst\u00e8mes de gestion de la qualit\u00e9 [&hellip;]<\/p>\n","protected":false},"author":1,"featured_media":0,"parent":0,"menu_order":0,"comment_status":"closed","ping_status":"closed","template":"template\/template-page.php","meta":{"footnotes":""},"_links":{"self":[{"href":"https:\/\/linxgen.com\/fr\/wp-json\/wp\/v2\/pages\/5282"}],"collection":[{"href":"https:\/\/linxgen.com\/fr\/wp-json\/wp\/v2\/pages"}],"about":[{"href":"https:\/\/linxgen.com\/fr\/wp-json\/wp\/v2\/types\/page"}],"author":[{"embeddable":true,"href":"https:\/\/linxgen.com\/fr\/wp-json\/wp\/v2\/users\/1"}],"replies":[{"embeddable":true,"href":"https:\/\/linxgen.com\/fr\/wp-json\/wp\/v2\/comments?post=5282"}],"version-history":[{"count":16,"href":"https:\/\/linxgen.com\/fr\/wp-json\/wp\/v2\/pages\/5282\/revisions"}],"predecessor-version":[{"id":5872,"href":"https:\/\/linxgen.com\/fr\/wp-json\/wp\/v2\/pages\/5282\/revisions\/5872"}],"wp:attachment":[{"href":"https:\/\/linxgen.com\/fr\/wp-json\/wp\/v2\/media?parent=5282"}],"curies":[{"name":"wp","href":"https:\/\/api.w.org\/{rel}","templated":true}]}}