{"id":5287,"date":"2023-09-04T09:58:48","date_gmt":"2023-09-04T09:58:48","guid":{"rendered":"https:\/\/linxgen.com\/fr\/?page_id=5287"},"modified":"2023-09-21T08:43:14","modified_gmt":"2023-09-21T08:43:14","slug":"conception-de-produits-de-sante-et-ingenierie-biomedicale","status":"publish","type":"page","link":"https:\/\/linxgen.com\/fr\/conception-de-produits-de-sante-et-ingenierie-biomedicale\/","title":{"rendered":"CONCEPTION DE PRODUITS DE SANT\u00c9 ET ING\u00c9NIERIE BIOM\u00c9DICALE"},"content":{"rendered":"\t\t<div data-elementor-type=\"wp-post\" data-elementor-id=\"5287\" class=\"elementor elementor-5287\">\n\t\t\t\t\t\t\t\t\t<section class=\"elementor-section elementor-top-section elementor-element elementor-element-2b7735b6 elementor-section-boxed elementor-section-height-default elementor-section-height-default\" data-id=\"2b7735b6\" data-element_type=\"section\" data-settings=\"{&quot;_ha_eqh_enable&quot;:false,&quot;ekit_has_onepagescroll_dot&quot;:&quot;yes&quot;}\">\n\t\t\t\t\t\t<div class=\"elementor-container elementor-column-gap-default\">\n\t\t\t\t\t<div class=\"elementor-column elementor-col-50 elementor-top-column elementor-element elementor-element-1cd7903\" data-id=\"1cd7903\" data-element_type=\"column\">\n\t\t\t<div class=\"elementor-widget-wrap elementor-element-populated\">\n\t\t\t\t\t\t\t\t<div class=\"elementor-element elementor-element-6c25e888 elementor-widget elementor-widget-heading\" data-id=\"6c25e888\" data-element_type=\"widget\" data-settings=\"{&quot;ekit_we_effect_on&quot;:&quot;none&quot;}\" data-widget_type=\"heading.default\">\n\t\t\t\t<div class=\"elementor-widget-container\">\n\t\t\t<h2 class=\"elementor-heading-title elementor-size-default\">CONCEPTION DE PRODUITS DE SANT\u00c9 ET ING\u00c9NIERIE BIOM\u00c9DICALE<\/h2>\t\t<\/div>\n\t\t\t\t<\/div>\n\t\t\t\t<div class=\"elementor-element elementor-element-eea09db elementor-widget-divider--view-line elementor-widget elementor-widget-divider\" data-id=\"eea09db\" data-element_type=\"widget\" data-settings=\"{&quot;ekit_we_effect_on&quot;:&quot;none&quot;}\" data-widget_type=\"divider.default\">\n\t\t\t\t<div class=\"elementor-widget-container\">\n\t\t\t\t\t<div class=\"elementor-divider\">\n\t\t\t<span class=\"elementor-divider-separator\">\n\t\t\t\t\t\t<\/span>\n\t\t<\/div>\n\t\t\t\t<\/div>\n\t\t\t\t<\/div>\n\t\t\t\t<div class=\"elementor-element elementor-element-7afad886 elementor-widget elementor-widget-text-editor\" data-id=\"7afad886\" data-element_type=\"widget\" data-settings=\"{&quot;ekit_we_effect_on&quot;:&quot;none&quot;}\" data-widget_type=\"text-editor.default\">\n\t\t\t\t<div class=\"elementor-widget-container\">\n\t\t\t\t\t\t\t<p>NOUS NOUS SP\u00c9CIALISONS DANS UNE APPROCHE HOLISTIQUE DE L&#8217;INNOVATION EN SOINS DE SANT\u00c9 EN COMPRENANT D&#8217;ABORD LA DYNAMIQUE UNIQUE DE VOTRE PUBLIC CIBLE ET EN RECONNAISSANT LES LACUNES DU MARCH\u00c9 ACTUEL. CELA NOUS PERMET D&#8217;\u00c9LABORER UN PLAN STRAT\u00c9GIQUE DE PRODUIT QUI COUDE PARFAITEMENT VOS OBJECTIFS ORGANISATIONNELS AVEC LES EXIGENCES V\u00c9RITABLES DES UTILISATEURS.<\/p><p>NOTRE PORT\u00c9E MONDIALE DANS DIVERS \u00c9TABLISSEMENTS DE SOINS DE SANT\u00c9 NOUS PERMET UN RICHE APER\u00c7U DE LA DIVERSIT\u00c9 DES D\u00c9MOGRAPHIES DE PATIENTS ET DES PROFESSIONNELS M\u00c9DICAUX. GR\u00c2CE \u00c0 CELA, NOUS CONCEVONS AVEC UNE APPROCHE CENTR\u00c9E SUR L&#8217;HUMAIN, PLA\u00c7ANT L&#8217;EMPATHIE ET LA R\u00c9TROACTION DU MONDE R\u00c9EL AU C\u0152UR DE NOTRE PHILOSOPHIE DE CONCEPTION. CELA GARANTIT QUE NOS DISPOSITIFS ET IMPLANTS M\u00c9DICAUX R\u00c9SONNENT \u00c0 LA FOIS AUX PATIENTS ET AUX PRESTATAIRES DE SOINS DE SANT\u00c9, FAVORISANT LA FACILIT\u00c9 D&#8217;UTILISATION, L&#8217;ACCESSIBILIT\u00c9 ET DES R\u00c9SULTATS DE SANT\u00c9 OPTIMAUX.<\/p><p>DE PLUS, NOTRE \u00c9QUIPE DE G\u00c9NIE BIOM\u00c9DICAL ET DE D\u00c9VELOPPEMENT DE PRODUITS UTILISE UNE TECHNOLOGIE DE POINTE DE L&#8217;ART FUSIONN\u00c9E AVEC DES D\u00c9CENNIES DE PERSPECTIVES DE L&#8217;INDUSTRIE. GR\u00c2CE \u00c0 NOTRE M\u00c9THODOLOGIE D&#8217;INNOVATION SIGNATURE, NOUS CR\u00c9ONS DES SOLUTIONS SUR MESURE, ROBUSTES ET PARFAITEMENT ALIGN\u00c9ES AVEC VOTRE MARCH\u00c9 ET VOTRE UTILISATEUR FINAL. NOTRE ENGAGEMENT EST DE FOURNIR UN PARCOURS DE CONCEPTION IN\u00c9GAL\u00c9, COMPL\u00c8TEMENT ADAPT\u00c9 \u00c0 VOTRE NICHE M\u00c9DICALE, ENCAPSULANT LA TOTALIT\u00c9 DU SPECTRE D&#8217;\u00c9VOLUTION DES PRODUITS<\/p>\t\t\t\t\t\t<\/div>\n\t\t\t\t<\/div>\n\t\t\t\t\t<\/div>\n\t\t<\/div>\n\t\t\t\t<div class=\"elementor-column elementor-col-50 elementor-top-column elementor-element elementor-element-33a6df4d\" data-id=\"33a6df4d\" data-element_type=\"column\">\n\t\t\t<div class=\"elementor-widget-wrap elementor-element-populated\">\n\t\t\t\t\t\t\t\t<div class=\"elementor-element elementor-element-6ac80ccd elementor-widget elementor-widget-image\" data-id=\"6ac80ccd\" data-element_type=\"widget\" data-settings=\"{&quot;ekit_we_effect_on&quot;:&quot;none&quot;}\" data-widget_type=\"image.default\">\n\t\t\t\t<div class=\"elementor-widget-container\">\n\t\t\t\t\t\t\t\t\t\t\t\t\t\t\t<img decoding=\"async\" width=\"500\" height=\"500\" src=\"https:\/\/linxgen.com\/fr\/wp-content\/uploads\/2023\/09\/4.png\" class=\"attachment-full size-full wp-image-5559\" alt=\"\" srcset=\"https:\/\/linxgen.com\/fr\/wp-content\/uploads\/2023\/09\/4.png 500w, https:\/\/linxgen.com\/fr\/wp-content\/uploads\/2023\/09\/4-300x300.png 300w, https:\/\/linxgen.com\/fr\/wp-content\/uploads\/2023\/09\/4-150x150.png 150w\" sizes=\"(max-width: 500px) 100vw, 500px\" \/>\t\t\t\t\t\t\t\t\t\t\t\t\t\t\t<\/div>\n\t\t\t\t<\/div>\n\t\t\t\t\t<\/div>\n\t\t<\/div>\n\t\t\t\t\t\t\t<\/div>\n\t\t<\/section>\n\t\t\t\t\t\t\t<\/div>\n\t\t","protected":false},"excerpt":{"rendered":"<p>CONCEPTION DE PRODUITS DE SANT\u00c9 ET ING\u00c9NIERIE BIOM\u00c9DICALE NOUS NOUS SP\u00c9CIALISONS DANS UNE APPROCHE HOLISTIQUE DE L&#8217;INNOVATION EN SOINS DE SANT\u00c9 EN COMPRENANT D&#8217;ABORD LA DYNAMIQUE UNIQUE DE VOTRE PUBLIC CIBLE ET EN RECONNAISSANT LES LACUNES DU MARCH\u00c9 ACTUEL. CELA NOUS PERMET D&#8217;\u00c9LABORER UN PLAN STRAT\u00c9GIQUE DE PRODUIT QUI COUDE PARFAITEMENT VOS OBJECTIFS ORGANISATIONNELS AVEC [&hellip;]<\/p>\n","protected":false},"author":1,"featured_media":0,"parent":0,"menu_order":0,"comment_status":"closed","ping_status":"closed","template":"template\/template-page.php","meta":{"footnotes":""},"_links":{"self":[{"href":"https:\/\/linxgen.com\/fr\/wp-json\/wp\/v2\/pages\/5287"}],"collection":[{"href":"https:\/\/linxgen.com\/fr\/wp-json\/wp\/v2\/pages"}],"about":[{"href":"https:\/\/linxgen.com\/fr\/wp-json\/wp\/v2\/types\/page"}],"author":[{"embeddable":true,"href":"https:\/\/linxgen.com\/fr\/wp-json\/wp\/v2\/users\/1"}],"replies":[{"embeddable":true,"href":"https:\/\/linxgen.com\/fr\/wp-json\/wp\/v2\/comments?post=5287"}],"version-history":[{"count":19,"href":"https:\/\/linxgen.com\/fr\/wp-json\/wp\/v2\/pages\/5287\/revisions"}],"predecessor-version":[{"id":5865,"href":"https:\/\/linxgen.com\/fr\/wp-json\/wp\/v2\/pages\/5287\/revisions\/5865"}],"wp:attachment":[{"href":"https:\/\/linxgen.com\/fr\/wp-json\/wp\/v2\/media?parent=5287"}],"curies":[{"name":"wp","href":"https:\/\/api.w.org\/{rel}","templated":true}]}}