{"id":5295,"date":"2023-09-04T10:04:54","date_gmt":"2023-09-04T10:04:54","guid":{"rendered":"https:\/\/linxgen.com\/fr\/?page_id=5295"},"modified":"2023-09-21T08:42:08","modified_gmt":"2023-09-21T08:42:08","slug":"approche-clinique","status":"publish","type":"page","link":"https:\/\/linxgen.com\/fr\/approche-clinique\/","title":{"rendered":"APPROCHE CLINIQUE"},"content":{"rendered":"\t\t<div data-elementor-type=\"wp-post\" data-elementor-id=\"5295\" class=\"elementor elementor-5295\">\n\t\t\t\t\t\t\t\t\t<section class=\"elementor-section elementor-top-section elementor-element elementor-element-2b7735b6 elementor-section-boxed elementor-section-height-default elementor-section-height-default\" data-id=\"2b7735b6\" data-element_type=\"section\" data-settings=\"{&quot;_ha_eqh_enable&quot;:false,&quot;ekit_has_onepagescroll_dot&quot;:&quot;yes&quot;}\">\n\t\t\t\t\t\t<div class=\"elementor-container elementor-column-gap-default\">\n\t\t\t\t\t<div class=\"elementor-column elementor-col-50 elementor-top-column elementor-element elementor-element-1cd7903\" data-id=\"1cd7903\" data-element_type=\"column\">\n\t\t\t<div class=\"elementor-widget-wrap elementor-element-populated\">\n\t\t\t\t\t\t\t\t<div class=\"elementor-element elementor-element-6c25e888 elementor-widget elementor-widget-heading\" data-id=\"6c25e888\" data-element_type=\"widget\" data-settings=\"{&quot;ekit_we_effect_on&quot;:&quot;none&quot;}\" data-widget_type=\"heading.default\">\n\t\t\t\t<div class=\"elementor-widget-container\">\n\t\t\t<h2 class=\"elementor-heading-title elementor-size-default\">APPROCHE CLINIQUE<\/h2>\t\t<\/div>\n\t\t\t\t<\/div>\n\t\t\t\t<div class=\"elementor-element elementor-element-eea09db elementor-widget-divider--view-line elementor-widget elementor-widget-divider\" data-id=\"eea09db\" data-element_type=\"widget\" data-settings=\"{&quot;ekit_we_effect_on&quot;:&quot;none&quot;}\" data-widget_type=\"divider.default\">\n\t\t\t\t<div class=\"elementor-widget-container\">\n\t\t\t\t\t<div class=\"elementor-divider\">\n\t\t\t<span class=\"elementor-divider-separator\">\n\t\t\t\t\t\t<\/span>\n\t\t<\/div>\n\t\t\t\t<\/div>\n\t\t\t\t<\/div>\n\t\t\t\t<div class=\"elementor-element elementor-element-7afad886 elementor-widget elementor-widget-text-editor\" data-id=\"7afad886\" data-element_type=\"widget\" data-settings=\"{&quot;ekit_we_effect_on&quot;:&quot;none&quot;}\" data-widget_type=\"text-editor.default\">\n\t\t\t\t<div class=\"elementor-widget-container\">\n\t\t\t\t\t\t\t<p>Avant d\u2019introduire un dispositif m\u00e9dical sur le march\u00e9, les fabricants doivent clairement montrer qu\u2019il est s\u00fbr et qu\u2019il fonctionne comme pr\u00e9vu. En r\u00e8gle g\u00e9n\u00e9rale, cette preuve doit provenir de t\u00e2ches cliniques bien planifi\u00e9es et r\u00e9alis\u00e9es, avant et apr\u00e8s le lancement du produit, pour confirmer que l&#8217;appareil fait ce qu&#8217;il promet. Nos services d&#8217;organisation de recherche clinique s&#8217;appuient sur des ann\u00e9es de savoir-faire en mati\u00e8re d&#8217;ing\u00e9nierie des dispositifs m\u00e9dicaux, de contr\u00f4les de qualit\u00e9 et de questions r\u00e9glementaires, garantissant un soutien complet \u00e0 l&#8217;ensemble de votre projet.<\/p>\t\t\t\t\t\t<\/div>\n\t\t\t\t<\/div>\n\t\t\t\t\t<\/div>\n\t\t<\/div>\n\t\t\t\t<div class=\"elementor-column elementor-col-50 elementor-top-column elementor-element elementor-element-33a6df4d\" data-id=\"33a6df4d\" data-element_type=\"column\">\n\t\t\t<div class=\"elementor-widget-wrap elementor-element-populated\">\n\t\t\t\t\t\t\t\t<div class=\"elementor-element elementor-element-6ac80ccd elementor-widget elementor-widget-image\" data-id=\"6ac80ccd\" data-element_type=\"widget\" data-settings=\"{&quot;ekit_we_effect_on&quot;:&quot;none&quot;}\" data-widget_type=\"image.default\">\n\t\t\t\t<div class=\"elementor-widget-container\">\n\t\t\t\t\t\t\t\t\t\t\t\t\t\t\t<img decoding=\"async\" width=\"500\" height=\"500\" src=\"https:\/\/linxgen.com\/fr\/wp-content\/uploads\/2023\/09\/3-1.png\" class=\"attachment-full size-full wp-image-5560\" alt=\"\" srcset=\"https:\/\/linxgen.com\/fr\/wp-content\/uploads\/2023\/09\/3-1.png 500w, https:\/\/linxgen.com\/fr\/wp-content\/uploads\/2023\/09\/3-1-300x300.png 300w, https:\/\/linxgen.com\/fr\/wp-content\/uploads\/2023\/09\/3-1-150x150.png 150w\" sizes=\"(max-width: 500px) 100vw, 500px\" \/>\t\t\t\t\t\t\t\t\t\t\t\t\t\t\t<\/div>\n\t\t\t\t<\/div>\n\t\t\t\t\t<\/div>\n\t\t<\/div>\n\t\t\t\t\t\t\t<\/div>\n\t\t<\/section>\n\t\t\t\t\t\t\t<\/div>\n\t\t","protected":false},"excerpt":{"rendered":"<p>APPROCHE CLINIQUE Avant d\u2019introduire un dispositif m\u00e9dical sur le march\u00e9, les fabricants doivent clairement montrer qu\u2019il est s\u00fbr et qu\u2019il fonctionne comme pr\u00e9vu. En r\u00e8gle g\u00e9n\u00e9rale, cette preuve doit provenir de t\u00e2ches cliniques bien planifi\u00e9es et r\u00e9alis\u00e9es, avant et apr\u00e8s le lancement du produit, pour confirmer que l&#8217;appareil fait ce qu&#8217;il promet. Nos services d&#8217;organisation [&hellip;]<\/p>\n","protected":false},"author":1,"featured_media":0,"parent":0,"menu_order":0,"comment_status":"closed","ping_status":"closed","template":"template\/template-page.php","meta":{"footnotes":""},"_links":{"self":[{"href":"https:\/\/linxgen.com\/fr\/wp-json\/wp\/v2\/pages\/5295"}],"collection":[{"href":"https:\/\/linxgen.com\/fr\/wp-json\/wp\/v2\/pages"}],"about":[{"href":"https:\/\/linxgen.com\/fr\/wp-json\/wp\/v2\/types\/page"}],"author":[{"embeddable":true,"href":"https:\/\/linxgen.com\/fr\/wp-json\/wp\/v2\/users\/1"}],"replies":[{"embeddable":true,"href":"https:\/\/linxgen.com\/fr\/wp-json\/wp\/v2\/comments?post=5295"}],"version-history":[{"count":20,"href":"https:\/\/linxgen.com\/fr\/wp-json\/wp\/v2\/pages\/5295\/revisions"}],"predecessor-version":[{"id":5860,"href":"https:\/\/linxgen.com\/fr\/wp-json\/wp\/v2\/pages\/5295\/revisions\/5860"}],"wp:attachment":[{"href":"https:\/\/linxgen.com\/fr\/wp-json\/wp\/v2\/media?parent=5295"}],"curies":[{"name":"wp","href":"https:\/\/api.w.org\/{rel}","templated":true}]}}