{"id":5309,"date":"2023-09-04T10:07:18","date_gmt":"2023-09-04T10:07:18","guid":{"rendered":"https:\/\/linxgen.com\/fr\/?page_id=5309"},"modified":"2023-09-21T08:44:04","modified_gmt":"2023-09-21T08:44:04","slug":"conception-de-precision-fabrication-avancee-et-excellence-dingenierie-de-qualite","status":"publish","type":"page","link":"https:\/\/linxgen.com\/fr\/conception-de-precision-fabrication-avancee-et-excellence-dingenierie-de-qualite\/","title":{"rendered":"CONCEPTION DE PR\u00c9CISION, FABRICATION AVANC\u00c9E ET EXCELLENCE D&#8217;ING\u00c9NIERIE DE QUALIT\u00c9"},"content":{"rendered":"\t\t<div data-elementor-type=\"wp-post\" data-elementor-id=\"5309\" class=\"elementor elementor-5309\">\n\t\t\t\t\t\t\t\t\t<section class=\"elementor-section elementor-top-section elementor-element elementor-element-2b7735b6 elementor-section-boxed elementor-section-height-default elementor-section-height-default\" data-id=\"2b7735b6\" data-element_type=\"section\" data-settings=\"{&quot;_ha_eqh_enable&quot;:false,&quot;ekit_has_onepagescroll_dot&quot;:&quot;yes&quot;}\">\n\t\t\t\t\t\t<div class=\"elementor-container elementor-column-gap-default\">\n\t\t\t\t\t<div class=\"elementor-column elementor-col-50 elementor-top-column elementor-element elementor-element-1cd7903\" data-id=\"1cd7903\" data-element_type=\"column\">\n\t\t\t<div class=\"elementor-widget-wrap elementor-element-populated\">\n\t\t\t\t\t\t\t\t<div class=\"elementor-element elementor-element-6c25e888 elementor-widget elementor-widget-heading\" data-id=\"6c25e888\" data-element_type=\"widget\" data-settings=\"{&quot;ekit_we_effect_on&quot;:&quot;none&quot;}\" data-widget_type=\"heading.default\">\n\t\t\t\t<div class=\"elementor-widget-container\">\n\t\t\t<h2 class=\"elementor-heading-title elementor-size-default\">CONCEPTION DE PR\u00c9CISION, FABRICATION AVANC\u00c9E ET EXCELLENCE D'ING\u00c9NIERIE DE QUALIT\u00c9<\/h2>\t\t<\/div>\n\t\t\t\t<\/div>\n\t\t\t\t<div class=\"elementor-element elementor-element-eea09db elementor-widget-divider--view-line elementor-widget elementor-widget-divider\" data-id=\"eea09db\" data-element_type=\"widget\" data-settings=\"{&quot;ekit_we_effect_on&quot;:&quot;none&quot;}\" data-widget_type=\"divider.default\">\n\t\t\t\t<div class=\"elementor-widget-container\">\n\t\t\t\t\t<div class=\"elementor-divider\">\n\t\t\t<span class=\"elementor-divider-separator\">\n\t\t\t\t\t\t<\/span>\n\t\t<\/div>\n\t\t\t\t<\/div>\n\t\t\t\t<\/div>\n\t\t\t\t<div class=\"elementor-element elementor-element-7afad886 elementor-widget elementor-widget-text-editor\" data-id=\"7afad886\" data-element_type=\"widget\" data-settings=\"{&quot;ekit_we_effect_on&quot;:&quot;none&quot;}\" data-widget_type=\"text-editor.default\">\n\t\t\t\t<div class=\"elementor-widget-container\">\n\t\t\t\t\t\t\t<p>La cr\u00e9ation d&#8217;un dispositif m\u00e9dical implique une m\u00e9thode compl\u00e8te qui prend en compte l&#8217;\u00e9valuation des risques, la conformit\u00e9 aux r\u00e9glementations et le respect des protocoles de contr\u00f4le qualit\u00e9. Nos connaissances sp\u00e9cialis\u00e9es et notre engagement envers les normes les plus \u00e9lev\u00e9es rationalisent ce processus complexe et vous aident \u00e0 atteindre vos objectifs.<\/p><p>Lors de la cr\u00e9ation et de la fabrication de dispositifs m\u00e9dicaux, il est essentiel d&#8217;int\u00e9grer des consid\u00e9rations de s\u00e9curit\u00e9 et d&#8217;efficacit\u00e9 pour garantir que le dispositif fonctionne comme pr\u00e9vu. Nous collaborons avec votre \u00e9quipe pour formuler une strat\u00e9gie de conception et de fabrication robuste qui englobe toutes les facettes du projet. Cela comprend l&#8217;allocation des ressources, la d\u00e9finition de d\u00e9lais et de jalons, et le respect des normes de qualit\u00e9 telles que les inspections, les tests et la documentation appropri\u00e9e. La vaste exp\u00e9rience de notre \u00e9quipe dans le domaine de la conception et de la fabrication de dispositifs m\u00e9dicaux, ainsi que notre historique de mises en \u0153uvre r\u00e9ussies, vous permettent de commercialiser votre produit sur le march\u00e9 de la sant\u00e9 rapidement et en toute confiance.<\/p>\t\t\t\t\t\t<\/div>\n\t\t\t\t<\/div>\n\t\t\t\t\t<\/div>\n\t\t<\/div>\n\t\t\t\t<div class=\"elementor-column elementor-col-50 elementor-top-column elementor-element elementor-element-33a6df4d\" data-id=\"33a6df4d\" data-element_type=\"column\">\n\t\t\t<div class=\"elementor-widget-wrap elementor-element-populated\">\n\t\t\t\t\t\t\t\t<div class=\"elementor-element elementor-element-6ac80ccd elementor-widget elementor-widget-image\" data-id=\"6ac80ccd\" data-element_type=\"widget\" data-settings=\"{&quot;ekit_we_effect_on&quot;:&quot;none&quot;}\" data-widget_type=\"image.default\">\n\t\t\t\t<div class=\"elementor-widget-container\">\n\t\t\t\t\t\t\t\t\t\t\t\t\t\t\t<img decoding=\"async\" width=\"500\" height=\"500\" src=\"https:\/\/linxgen.com\/fr\/wp-content\/uploads\/2023\/09\/2-1.png\" class=\"attachment-full size-full wp-image-5561\" alt=\"\" srcset=\"https:\/\/linxgen.com\/fr\/wp-content\/uploads\/2023\/09\/2-1.png 500w, https:\/\/linxgen.com\/fr\/wp-content\/uploads\/2023\/09\/2-1-300x300.png 300w, https:\/\/linxgen.com\/fr\/wp-content\/uploads\/2023\/09\/2-1-150x150.png 150w\" sizes=\"(max-width: 500px) 100vw, 500px\" \/>\t\t\t\t\t\t\t\t\t\t\t\t\t\t\t<\/div>\n\t\t\t\t<\/div>\n\t\t\t\t\t<\/div>\n\t\t<\/div>\n\t\t\t\t\t\t\t<\/div>\n\t\t<\/section>\n\t\t\t\t\t\t\t<\/div>\n\t\t","protected":false},"excerpt":{"rendered":"<p>CONCEPTION DE PR\u00c9CISION, FABRICATION AVANC\u00c9E ET EXCELLENCE D&#8217;ING\u00c9NIERIE DE QUALIT\u00c9 La cr\u00e9ation d&#8217;un dispositif m\u00e9dical implique une m\u00e9thode compl\u00e8te qui prend en compte l&#8217;\u00e9valuation des risques, la conformit\u00e9 aux r\u00e9glementations et le respect des protocoles de contr\u00f4le qualit\u00e9. Nos connaissances sp\u00e9cialis\u00e9es et notre engagement envers les normes les plus \u00e9lev\u00e9es rationalisent ce processus complexe et [&hellip;]<\/p>\n","protected":false},"author":1,"featured_media":0,"parent":0,"menu_order":0,"comment_status":"closed","ping_status":"closed","template":"template\/template-page.php","meta":{"footnotes":""},"_links":{"self":[{"href":"https:\/\/linxgen.com\/fr\/wp-json\/wp\/v2\/pages\/5309"}],"collection":[{"href":"https:\/\/linxgen.com\/fr\/wp-json\/wp\/v2\/pages"}],"about":[{"href":"https:\/\/linxgen.com\/fr\/wp-json\/wp\/v2\/types\/page"}],"author":[{"embeddable":true,"href":"https:\/\/linxgen.com\/fr\/wp-json\/wp\/v2\/users\/1"}],"replies":[{"embeddable":true,"href":"https:\/\/linxgen.com\/fr\/wp-json\/wp\/v2\/comments?post=5309"}],"version-history":[{"count":25,"href":"https:\/\/linxgen.com\/fr\/wp-json\/wp\/v2\/pages\/5309\/revisions"}],"predecessor-version":[{"id":5870,"href":"https:\/\/linxgen.com\/fr\/wp-json\/wp\/v2\/pages\/5309\/revisions\/5870"}],"wp:attachment":[{"href":"https:\/\/linxgen.com\/fr\/wp-json\/wp\/v2\/media?parent=5309"}],"curies":[{"name":"wp","href":"https:\/\/api.w.org\/{rel}","templated":true}]}}